{"id":9591,"date":"2026-02-11T07:16:30","date_gmt":"2026-02-11T07:16:30","guid":{"rendered":"https:\/\/www.fepre.com\/politica-de-calidad\/"},"modified":"2026-02-11T07:16:30","modified_gmt":"2026-02-11T07:16:30","slug":"politica-de-calidad","status":"publish","type":"page","link":"https:\/\/www.fepre.com\/pt-pt\/politica-de-calidad\/","title":{"rendered":"Pol\u00edtica de Calidad"},"content":{"rendered":"<p style=\"text-align: center;\"><strong>POL\u00cdTICA DE QUALIDADE<\/strong><\/p>\n<p>&nbsp;<\/p>\n<p>Na FEPRE, estamos empenhados na excel\u00eancia na distribui\u00e7\u00e3o de produtos de ferreter\u00eda, fornecendo aos nossos clientes produtos de qualidade, fi\u00e1veis \u200b\u200be seguros, que v\u00e3o ao encontro das suas expectativas e necessidades.<\/p>\n<p>A nossa miss\u00e3o \u00e9 garantir um servi\u00e7o \u00e1gil e eficiente que impulsione o sucesso dos nossos clientes e consolide a nossa posi\u00e7\u00e3o no mercado.<\/p>\n<p>Para cumprir estes objetivos, comprometemo-nos a:<\/p>\n<ol>\n<li>Sele\u00e7\u00e3o e controlo de fornecedores: Trabalhar com fornecedores de confian\u00e7a que partilhem o nosso compromisso com a qualidade, garantindo que cada produto que oferece cumpre com as normas estabelecidas no mercado e com a regulamenta\u00e7\u00e3o em vigor.<\/li>\n<li>Aportar qualidade aos nossos produtos e servi\u00e7os<\/li>\n<li>Ir ao encontro das necessidades e expectativas dos grupos de interesse que afetam a nossa atividade e, especialmente, dos clientes e colaboradores.<\/li>\n<li>Estabele\u00e7a objetivos de melhoria.<\/li>\n<li>Estabele\u00e7a um sistema de gest\u00e3o com uma abordagem de processo e com a an\u00e1lise em cada um dos riscos poss\u00edveis que podem afetar.<\/li>\n<\/ol>\n<p>Na FEPRE, todos os membros da nossa organiza\u00e7\u00e3o est\u00e3o empenhados nesta pol\u00edtica de qualidade. Trabalhamos continuamente para cumprir os padr\u00f5es que nos permitem oferecer produtos de ferreter\u00eda fi\u00e1veis \u200b\u200be de qualidade, logrando assim a satisfa\u00e7\u00e3o e fideliza\u00e7\u00e3o dos nossos clientes. Estamos empenhados na melhoria cont\u00ednua e na inova\u00e7\u00e3o em cada \u00e1rea do nosso neg\u00f3cio, fortalecendo as nossas rela\u00e7\u00f5es comerciais e apoiando o desenvolvimento do nosso setor. Para isso, a dire\u00e7\u00e3o liderar\u00e1 a gest\u00e3o da qualidade, aportando os recursos necess\u00e1rios para a conseguir.<\/p>\n<p>Esta pol\u00edtica de qualidade ser\u00e1 revista periodicamente para garantir a sua adequa\u00e7\u00e3o \u00e0s altera\u00e7\u00f5es do mercado, \u00e0s necessidades dos nossos clientes e aos avan\u00e7os no nosso setor. \u00c9 nosso compromisso manter padr\u00f5es elevados e continuar a ser uma refer\u00eancia de qualidade na distribui\u00e7\u00e3o de produtos de ferreteria.<\/p>\n<p>&nbsp;<\/p>\n<p>&nbsp;<\/p>\n<p>&nbsp;<\/p>\n<p>Assinado: EDUARDO COLOMA MOLINA, novembro de 2024<\/p>\n","protected":false},"excerpt":{"rendered":"<p>POL\u00cdTICA DE QUALIDADE &nbsp; Na FEPRE, estamos empenhados na excel\u00eancia na distribui\u00e7\u00e3o de produtos de ferreter\u00eda, fornecendo aos nossos clientes produtos de qualidade, fi\u00e1veis \u200b\u200be seguros, que v\u00e3o ao encontro das suas expectativas e necessidades. A nossa miss\u00e3o \u00e9 garantir um servi\u00e7o \u00e1gil e eficiente que impulsione o sucesso dos nossos clientes e consolide a [&hellip;]<\/p>\n","protected":false},"author":7,"featured_media":0,"parent":0,"menu_order":0,"comment_status":"closed","ping_status":"closed","template":"","meta":{"om_disable_all_campaigns":false,"_monsterinsights_skip_tracking":false,"_monsterinsights_sitenote_active":false,"_monsterinsights_sitenote_note":"","_monsterinsights_sitenote_category":0,"_uf_show_specific_survey":0,"_uf_disable_surveys":false,"footnotes":""},"class_list":["post-9591","page","type-page","status-publish","hentry"],"aioseo_notices":[],"_links":{"self":[{"href":"https:\/\/www.fepre.com\/pt-pt\/wp-json\/wp\/v2\/pages\/9591","targetHints":{"allow":["GET"]}}],"collection":[{"href":"https:\/\/www.fepre.com\/pt-pt\/wp-json\/wp\/v2\/pages"}],"about":[{"href":"https:\/\/www.fepre.com\/pt-pt\/wp-json\/wp\/v2\/types\/page"}],"author":[{"embeddable":true,"href":"https:\/\/www.fepre.com\/pt-pt\/wp-json\/wp\/v2\/users\/7"}],"replies":[{"embeddable":true,"href":"https:\/\/www.fepre.com\/pt-pt\/wp-json\/wp\/v2\/comments?post=9591"}],"version-history":[{"count":0,"href":"https:\/\/www.fepre.com\/pt-pt\/wp-json\/wp\/v2\/pages\/9591\/revisions"}],"wp:attachment":[{"href":"https:\/\/www.fepre.com\/pt-pt\/wp-json\/wp\/v2\/media?parent=9591"}],"curies":[{"name":"wp","href":"https:\/\/api.w.org\/{rel}","templated":true}]}}