{"id":8391,"date":"2021-05-26T11:30:26","date_gmt":"2021-05-26T11:30:26","guid":{"rendered":"https:\/\/www.fepre.com\/politica-de-cookies-2\/"},"modified":"2022-03-17T10:49:37","modified_gmt":"2022-03-17T10:49:37","slug":"politica-de-cookies-2","status":"publish","type":"page","link":"https:\/\/www.fepre.com\/pt-pt\/politica-de-cookies-2\/","title":{"rendered":"Pol\u00edtica de cookies"},"content":{"rendered":"<div class=\"flex_column av_one_full  flex_column_div av-zero-column-padding first  avia-builder-el-0  avia-builder-el-no-sibling  \" style='border-radius:0px; '><p><div  style='padding-bottom:10px; ' class='av-special-heading av-special-heading-h1  blockquote modern-quote  avia-builder-el-1  el_before_av_textblock  avia-builder-el-first  '><h1 class='av-special-heading-tag '  itemprop=\"headline\"  >Pol\u00edtica de cookies<\/h1><div class='special-heading-border'><div class='special-heading-inner-border' ><\/div><\/div><\/div><br \/>\n<section class=\"av_textblock_section \"  itemscope=\"itemscope\" itemtype=\"https:\/\/schema.org\/CreativeWork\" ><div class='avia_textblock  '   itemprop=\"text\" ><p>Usamos cookies para oferecer aos nossos visitantes uma maneira mais confort\u00e1vel e eficiente de navegar em nosso site. Ao utilizar o nosso website aceita, configura ou rejeita a nossa Pol\u00edtica de Cookies<\/p>\n<p>Se voc\u00ea n\u00e3o deseja receber cookies, configure seu navegador de Internet para que ele os exclua do disco r\u00edgido do computador, os bloqueie ou avise se estiverem instalados. Para continuar sem alterar suas configura\u00e7\u00f5es de cookies, siga as instru\u00e7\u00f5es no site.<\/p>\n<p>Abaixo voc\u00ea encontrar\u00e1 informa\u00e7\u00f5es sobre o que s\u00e3o &#8220;cookies&#8221;, que tipo de cookies existem, como voc\u00ea pode desabilitar cookies em seu navegador e como desabilitar especificamente a instala\u00e7\u00e3o de cookies de terceiros.<\/p>\n<p><strong>O que s\u00e3o biscoitos?<\/strong><\/p>\n<p>Cookies s\u00e3o pequenos arquivos que algumas plataformas, como p\u00e1ginas da web, podem instalar em seu computador, smartphone, tablet ou televis\u00e3o conectada. Suas fun\u00e7\u00f5es podem ser muito variadas: armazenar suas prefer\u00eancias de navega\u00e7\u00e3o, coletar informa\u00e7\u00f5es estat\u00edsticas, permitir determinadas funcionalidades t\u00e9cnicas&#8230; Ocasionalmente, os cookies s\u00e3o usados \u200b\u200bpara armazenar informa\u00e7\u00f5es b\u00e1sicas sobre os h\u00e1bitos de navega\u00e7\u00e3o do usu\u00e1rio ou seu equipamento, at\u00e9 o ponto, dependendo casos, para poder reconhec\u00ea-lo.<\/p>\n<p><strong>Porque eles s\u00e3o importantes?<\/strong><\/p>\n<p>Os cookies s\u00e3o \u00fateis por v\u00e1rios motivos. Do ponto de vista t\u00e9cnico, eles permitem que as p\u00e1ginas da web funcionem de forma mais r\u00e1pida e adaptada \u00e0s suas prefer\u00eancias, como armazenar seu idioma ou a moeda do seu pa\u00eds. Al\u00e9m disso, ajudam os respons\u00e1veis \u200b\u200bpelos sites a melhorar os servi\u00e7os que oferecem, gra\u00e7as \u00e0s informa\u00e7\u00f5es estat\u00edsticas que coletam por meio deles. Finalmente, eles servem para tornar mais eficiente a publicidade que mostramos, gra\u00e7as \u00e0 qual podemos oferecer servi\u00e7os gratuitamente.<\/p>\n<p><strong>Diferentes tipos de cookies<\/strong><\/p>\n<ul>\n<li><strong>Cookies de melhoria de desempenho.<\/strong> Este tipo de cookie preserva suas prefer\u00eancias para determinadas ferramentas ou servi\u00e7os para que voc\u00ea n\u00e3o precise reconfigur\u00e1-los cada vez que visitar nosso portal e, em alguns casos, podem ser fornecidos por terceiros. Alguns exemplos s\u00e3o: volume de players de m\u00eddia, prefer\u00eancias de classifica\u00e7\u00e3o de artigos ou velocidades de reprodu\u00e7\u00e3o de v\u00eddeo compat\u00edveis. No caso do com\u00e9rcio eletr\u00f3nico, permitem-lhe guardar informa\u00e7\u00e3o sobre o seu carrinho de compras.<\/li>\n<li><strong>Cookies de an\u00e1lise estat\u00edstica.<\/strong> S\u00e3o aqueles que, bem tratados por n\u00f3s ou por terceiros, nos permitem quantificar o n\u00famero de visitantes e analisar estatisticamente a utiliza\u00e7\u00e3o feita pelos utilizadores dos nossos servi\u00e7os. Gra\u00e7as a isso podemos estudar a navega\u00e7\u00e3o pela nossa p\u00e1gina web, e assim melhorar a oferta de produtos ou servi\u00e7os que oferecemos.<\/li>\n<li><strong>Cookies de geolocaliza\u00e7\u00e3o.<\/strong> Estes cookies s\u00e3o utilizados por programas que tentam localizar geograficamente a localiza\u00e7\u00e3o do computador, smartphone, tablet ou televis\u00e3o ligada, de forma a oferecer-lhe conte\u00fados e servi\u00e7os mais adequados de forma totalmente an\u00f3nima.<\/li>\n<li><strong>Cookies de registro.<\/strong> Quando voc\u00ea se registra em nosso portal, s\u00e3o gerados cookies que o identificam como usu\u00e1rio registrado e indicam quando voc\u00ea se identificou no portal. Esses cookies s\u00e3o usados \u200b\u200bpara identificar sua conta de usu\u00e1rio e seus servi\u00e7os associados. Esses cookies s\u00e3o mantidos desde que voc\u00ea n\u00e3o saia da conta, feche o navegador ou desligue o dispositivo. Esses cookies podem ser usados \u200b\u200bem combina\u00e7\u00e3o com dados anal\u00edticos para identificar individualmente suas prefer\u00eancias em nosso portal.<\/li>\n<li><strong>Cookies de publicidade.<\/strong> S\u00e3o aqueles que, bem tratados por n\u00f3s ou por terceiros, permitem-nos gerir eficazmente os espa\u00e7os publicit\u00e1rios no nosso website, adaptando o conte\u00fado do an\u00fancio ao conte\u00fado do servi\u00e7o solicitado ou \u00e0 utiliza\u00e7\u00e3o do nosso website. Gra\u00e7as a ele, podemos conhecer seus h\u00e1bitos de navega\u00e7\u00e3o na Internet e mostrar publicidade relacionada ao seu perfil de navega\u00e7\u00e3o.<\/li>\n<li><strong>Outros cookies de terceiros.<\/strong> Outros cookies de terceiros. Um exemplo desse uso s\u00e3o os links para redes sociais que nos permitem compartilhar nosso conte\u00fado.<\/li>\n<\/ul>\n<p><strong>Como posso definir minhas prefer\u00eancias e desativar os cookies?<\/strong><\/p>\n<p>Voc\u00ea pode permitir, bloquear ou excluir cookies instalados em seu computador configurando as op\u00e7\u00f5es do seu navegador de internet. No caso de voc\u00ea bloque\u00e1-los, determinados servi\u00e7os que exigem seu uso podem n\u00e3o estar dispon\u00edveis para voc\u00ea. Abaixo oferecemos links onde voc\u00ea encontrar\u00e1 informa\u00e7\u00f5es sobre como ativar suas prefer\u00eancias nos principais navegadores:<\/p>\n<p>Internet Explorer: Ferramentas -&gt; Op\u00e7\u00f5es de Internet -&gt; Privacidade -&gt; Contexto. Para obter mais informa\u00e7\u00f5es, consulte o suporte da Microsoft ou a Ajuda do navegador.<\/p>\n<p>Firefox: ferramentas -&gt; Op\u00e7\u00f5es -&gt; Privacidade -&gt; Registro -&gt; Configura\u00e7\u00f5es personalizadas. Para mais informa\u00e7\u00f5es, voc\u00ea pode consultar o suporte da Mozilla ou a Ajuda do navegador.<\/p>\n<p>Chrome: configura\u00e7\u00f5es-&gt; Mostrar op\u00e7\u00f5es avan\u00e7adas -&gt; Privacidade -&gt; Defini\u00e7\u00f5es de conteudo. Para obter mais informa\u00e7\u00f5es, voc\u00ea pode consultar o suporte do Google ou a Ajuda do navegador.<\/p>\n<p>Safari: prefer\u00eancias -&gt; Seguran\u00e7a. Para obter mais informa\u00e7\u00f5es, consulte o suporte da Apple ou a Ajuda do navegador.<\/p>\n<p><strong>O que acontece se os cookies forem desativados:<\/strong><\/p>\n<p>Algumas funcionalidades dos Servi\u00e7os ser\u00e3o desativadas, como, por exemplo, permanecer identificado, manter compras no \u201ccarrinho de compras\u201d em um Servi\u00e7o de e-commerce, receber informa\u00e7\u00f5es direcionadas \u00e0 sua localiza\u00e7\u00e3o ou a visualiza\u00e7\u00e3o de alguns v\u00eddeos.<\/p>\n<\/div><\/section><\/p><\/div>\n","protected":false},"excerpt":{"rendered":"","protected":false},"author":4,"featured_media":0,"parent":0,"menu_order":0,"comment_status":"closed","ping_status":"closed","template":"","meta":{"om_disable_all_campaigns":false,"_monsterinsights_skip_tracking":false,"_monsterinsights_sitenote_active":false,"_monsterinsights_sitenote_note":"","_monsterinsights_sitenote_category":0,"_uf_show_specific_survey":0,"_uf_disable_surveys":false,"footnotes":""},"class_list":["post-8391","page","type-page","status-publish","hentry"],"aioseo_notices":[],"_links":{"self":[{"href":"https:\/\/www.fepre.com\/pt-pt\/wp-json\/wp\/v2\/pages\/8391","targetHints":{"allow":["GET"]}}],"collection":[{"href":"https:\/\/www.fepre.com\/pt-pt\/wp-json\/wp\/v2\/pages"}],"about":[{"href":"https:\/\/www.fepre.com\/pt-pt\/wp-json\/wp\/v2\/types\/page"}],"author":[{"embeddable":true,"href":"https:\/\/www.fepre.com\/pt-pt\/wp-json\/wp\/v2\/users\/4"}],"replies":[{"embeddable":true,"href":"https:\/\/www.fepre.com\/pt-pt\/wp-json\/wp\/v2\/comments?post=8391"}],"version-history":[{"count":0,"href":"https:\/\/www.fepre.com\/pt-pt\/wp-json\/wp\/v2\/pages\/8391\/revisions"}],"wp:attachment":[{"href":"https:\/\/www.fepre.com\/pt-pt\/wp-json\/wp\/v2\/media?parent=8391"}],"curies":[{"name":"wp","href":"https:\/\/api.w.org\/{rel}","templated":true}]}}