{"id":9590,"date":"2026-02-11T07:16:30","date_gmt":"2026-02-11T07:16:30","guid":{"rendered":"https:\/\/www.fepre.com\/politique-de-qualite\/"},"modified":"2026-02-11T07:16:30","modified_gmt":"2026-02-11T07:16:30","slug":"politique-de-qualite","status":"publish","type":"page","link":"https:\/\/www.fepre.com\/fr\/politique-de-qualite\/","title":{"rendered":"Politique de qualit\u00e9"},"content":{"rendered":"<p style=\"text-align: center;\"><strong>POLITIQUE DE QUALIT\u00c9<\/strong><\/p>\n<p>&nbsp;<\/p>\n<p>Chez FEPRE, nous nous engageons \u00e0 atteindre l&rsquo;excellence dans la distribution de produits de quincaillerie, en fournissant \u00e0 nos clients des produits de qualit\u00e9, fiables et s\u00fbrs qui r\u00e9pondent \u00e0 leurs attentes et \u00e0 leurs besoins.<\/p>\n<p>Notre mission est d&rsquo;assurer un service agile et efficace qui favorise la r\u00e9ussite de nos clients et consolide notre position sur le march\u00e9.<\/p>\n<p>Pour atteindre ces objectifs, nous nous engageons \u00e0 :<\/p>\n<ol>\n<li>S\u00e9lection et contr\u00f4le des fournisseurs : travailler avec des fournisseurs fiables qui partagent notre engagement en mati\u00e8re de qualit\u00e9, en veillant \u00e0 ce que chaque produit que nous proposons soit conforme aux normes \u00e9tablies sur le march\u00e9 et aux r\u00e9glementations en vigueur.<\/li>\n<li>Apporter de la qualit\u00e9 \u00e0 nos produits et services<\/li>\n<li>R\u00e9pondre aux besoins et aux attentes des parties prenantes qui influencent notre activit\u00e9, en particulier les clients et les collaborateurs.<\/li>\n<li>Fixez des objectifs d&rsquo;am\u00e9lioration.<\/li>\n<li>\u00c9tablir un syst\u00e8me de gestion avec une approche par processus et une analyse des risques possibles pouvant affecter chaque processus.<\/li>\n<\/ol>\n<p>Chez FEPRE, tous les membres de notre organisation s&rsquo;engagent \u00e0 respecter cette politique de qualit\u00e9. Nous travaillons en permanence pour r\u00e9pondre aux normes qui nous permettent d&rsquo;offrir des produits de quincaillerie fiables et de qualit\u00e9, afin de satisfaire et de fid\u00e9liser nos clients. Nous nous engageons \u00e0 am\u00e9liorer en permanence et \u00e0 innover dans tous les domaines de notre activit\u00e9, \u00e0 renforcer nos relations commerciales et \u00e0 contribuer au d\u00e9veloppement de notre secteur. \u00c0 cette fin, la direction dirigera la gestion de la qualit\u00e9 en fournissant les ressources n\u00e9cessaires pour y parvenir.<\/p>\n<p>Cette politique de qualit\u00e9 sera revue p\u00e9riodiquement pour s&rsquo;assurer qu&rsquo;elle est en phase avec les changements du march\u00e9, les besoins de nos clients et les d\u00e9veloppements dans notre secteur. Nous nous engageons \u00e0 maintenir des normes \u00e9lev\u00e9es et \u00e0 continuer \u00e0 \u00eatre une r\u00e9f\u00e9rence de qualit\u00e9 dans la distribution de produits de quincaillerie.<\/p>\n<p>&nbsp;<\/p>\n<p>&nbsp;<\/p>\n<p>&nbsp;<\/p>\n<p>Sign\u00e9 : EDUARDO COLOMA MOLINA, novembre 2024<\/p>\n","protected":false},"excerpt":{"rendered":"<p>POLITIQUE DE QUALIT\u00c9 &nbsp; Chez FEPRE, nous nous engageons \u00e0 atteindre l&rsquo;excellence dans la distribution de produits de quincaillerie, en fournissant \u00e0 nos clients des produits de qualit\u00e9, fiables et s\u00fbrs qui r\u00e9pondent \u00e0 leurs attentes et \u00e0 leurs besoins. Notre mission est d&rsquo;assurer un service agile et efficace qui favorise la r\u00e9ussite de nos [&hellip;]<\/p>\n","protected":false},"author":7,"featured_media":0,"parent":0,"menu_order":0,"comment_status":"closed","ping_status":"closed","template":"","meta":{"om_disable_all_campaigns":false,"_monsterinsights_skip_tracking":false,"_monsterinsights_sitenote_active":false,"_monsterinsights_sitenote_note":"","_monsterinsights_sitenote_category":0,"_uf_show_specific_survey":0,"_uf_disable_surveys":false,"footnotes":""},"class_list":["post-9590","page","type-page","status-publish","hentry"],"aioseo_notices":[],"_links":{"self":[{"href":"https:\/\/www.fepre.com\/fr\/wp-json\/wp\/v2\/pages\/9590","targetHints":{"allow":["GET"]}}],"collection":[{"href":"https:\/\/www.fepre.com\/fr\/wp-json\/wp\/v2\/pages"}],"about":[{"href":"https:\/\/www.fepre.com\/fr\/wp-json\/wp\/v2\/types\/page"}],"author":[{"embeddable":true,"href":"https:\/\/www.fepre.com\/fr\/wp-json\/wp\/v2\/users\/7"}],"replies":[{"embeddable":true,"href":"https:\/\/www.fepre.com\/fr\/wp-json\/wp\/v2\/comments?post=9590"}],"version-history":[{"count":0,"href":"https:\/\/www.fepre.com\/fr\/wp-json\/wp\/v2\/pages\/9590\/revisions"}],"wp:attachment":[{"href":"https:\/\/www.fepre.com\/fr\/wp-json\/wp\/v2\/media?parent=9590"}],"curies":[{"name":"wp","href":"https:\/\/api.w.org\/{rel}","templated":true}]}}