{"id":8388,"date":"2021-05-26T11:30:26","date_gmt":"2021-05-26T11:30:26","guid":{"rendered":"https:\/\/www.fepre.com\/politique-de-cookies\/"},"modified":"2022-03-17T10:38:29","modified_gmt":"2022-03-17T10:38:29","slug":"politique-de-cookies","status":"publish","type":"page","link":"https:\/\/www.fepre.com\/fr\/politique-de-cookies\/","title":{"rendered":"Politique de cookies"},"content":{"rendered":"<div class=\"flex_column av_one_full  flex_column_div av-zero-column-padding first  avia-builder-el-0  avia-builder-el-no-sibling  \" style='border-radius:0px; '><p><div  style='padding-bottom:10px; ' class='av-special-heading av-special-heading-h1  blockquote modern-quote  avia-builder-el-1  el_before_av_textblock  avia-builder-el-first  '><h1 class='av-special-heading-tag '  itemprop=\"headline\"  >Politique de cookies<\/h1><div class='special-heading-border'><div class='special-heading-inner-border' ><\/div><\/div><\/div><br \/>\n<section class=\"av_textblock_section \"  itemscope=\"itemscope\" itemtype=\"https:\/\/schema.org\/CreativeWork\" ><div class='avia_textblock  '   itemprop=\"text\" ><p>Nous utilisons des cookies pour offrir \u00e0 nos visiteurs une mani\u00e8re plus confortable et efficace de naviguer sur notre site Web. En utilisant notre site Web, vous acceptez, configurez ou refusez notre politique de cookies<\/p>\n<p>Si vous ne souhaitez pas recevoir de cookies, veuillez configurer votre navigateur Internet afin qu&rsquo;il les supprime du disque dur de l&rsquo;ordinateur, les bloque ou vous avertisse s&rsquo;ils sont install\u00e9s. Pour continuer sans modifier vos param\u00e8tres de cookies, suivez les instructions sur le site Web.<\/p>\n<p>Vous trouverez ci-dessous des informations sur ce que sont les \u00ab\u00a0cookies\u00a0\u00bb, sur les types de cookies existants, sur la mani\u00e8re dont vous pouvez d\u00e9sactiver les cookies dans votre navigateur et sur la mani\u00e8re de d\u00e9sactiver sp\u00e9cifiquement l&rsquo;installation de cookies tiers.<\/p>\n<p><strong>Que sont les cookies ?<\/strong><\/p>\n<p>Les cookies sont de petits fichiers que certaines plateformes, telles que des pages web, peuvent installer sur votre ordinateur, smartphone, tablette ou t\u00e9l\u00e9vision connect\u00e9e. Ses fonctions peuvent \u00eatre tr\u00e8s vari\u00e9es : m\u00e9moriser vos pr\u00e9f\u00e9rences de navigation, collecter des informations statistiques, permettre certaines fonctionnalit\u00e9s techniques&#8230; Occasionnellement, les cookies sont utilis\u00e9s pour stocker des informations \u00e9l\u00e9mentaires sur les habitudes de navigation de l&rsquo;utilisateur ou de son \u00e9quipement, au point, selon cas, pour pouvoir le reconna\u00eetre.<\/p>\n<p><strong>Parce qu&rsquo;ils sont importants ?<\/strong><\/p>\n<p>Les cookies sont utiles pour plusieurs raisons. D&rsquo;un point de vue technique, ils permettent aux pages Web de fonctionner plus rapidement et de s&rsquo;adapter \u00e0 vos pr\u00e9f\u00e9rences, comme le stockage de votre langue ou de la devise de votre pays. De plus, ils aident les responsables des sites Web \u00e0 am\u00e9liorer les services qu&rsquo;ils offrent, gr\u00e2ce aux informations statistiques qu&rsquo;ils collectent \u00e0 travers eux. Enfin, ils servent \u00e0 rendre plus efficace la publicit\u00e9 que nous vous montrons, gr\u00e2ce \u00e0 laquelle nous pouvons vous offrir des services gratuitement.<\/p>\n<p><strong>Diff\u00e9rents types de cookies<\/strong><\/p>\n<ul>\n<li><strong>Cookies d&rsquo;am\u00e9lioration des performances.<\/strong> Ce type de cookie conserve vos pr\u00e9f\u00e9rences pour certains outils ou services afin que vous n&rsquo;ayez pas \u00e0 les reconfigurer \u00e0 chaque fois que vous visitez notre portail et, dans certains cas, ils peuvent \u00eatre fournis par des tiers. Voici quelques exemples : le volume des lecteurs multim\u00e9dias, les pr\u00e9f\u00e9rences de tri des articles ou les vitesses de lecture vid\u00e9o prises en charge. Dans le cas du commerce \u00e9lectronique, ils vous permettent de conserver des informations sur votre panier.<\/li>\n<li><strong>Cookies d&rsquo;analyse statistique.<\/strong> Ce sont ceux qui, bien trait\u00e9s par nous ou par des tiers, nous permettent de quantifier le nombre de visiteurs et d&rsquo;analyser statistiquement l&rsquo;utilisation faite par les utilisateurs de nos services. Gr\u00e2ce \u00e0 cela, nous pouvons \u00e9tudier la navigation sur notre page Web et ainsi am\u00e9liorer l&rsquo;offre de produits ou de services que nous proposons.<\/li>\n<li><strong>Cookies de g\u00e9olocalisation.<\/strong> Ces cookies sont utilis\u00e9s par des programmes qui tentent de localiser g\u00e9ographiquement l&rsquo;ordinateur, le smartphone, la tablette ou la t\u00e9l\u00e9vision connect\u00e9e, afin de vous proposer des contenus et des services plus adapt\u00e9s de mani\u00e8re totalement anonyme.<\/li>\n<li><strong>Cookies d&rsquo;enregistrement.<\/strong> Lorsque vous vous inscrivez sur notre portail, des cookies sont g\u00e9n\u00e9r\u00e9s qui vous identifient en tant qu&rsquo;utilisateur enregistr\u00e9 et indiquent quand vous vous \u00eates identifi\u00e9 sur le portail. Ces cookies sont utilis\u00e9s pour identifier votre compte utilisateur et ses services associ\u00e9s. Ces cookies sont conserv\u00e9s tant que vous ne quittez pas le compte, ne fermez pas le navigateur ou n&rsquo;\u00e9teignez pas l&rsquo;appareil. Ces cookies peuvent \u00eatre utilis\u00e9s en combinaison avec des donn\u00e9es analytiques pour identifier individuellement vos pr\u00e9f\u00e9rences sur notre portail.<\/li>\n<li><strong>Cookies publicitaires.<\/strong> Ce sont ceux qui, bien trait\u00e9s par nous ou par des tiers, nous permettent de g\u00e9rer efficacement les espaces publicitaires de notre site Web, en adaptant le contenu de la publicit\u00e9 au contenu du service demand\u00e9 ou \u00e0 l&rsquo;utilisation faite de notre site Web. Gr\u00e2ce \u00e0 lui, nous pouvons conna\u00eetre vos habitudes de navigation sur Internet et vous montrer des publicit\u00e9s li\u00e9es \u00e0 votre profil de navigation.<\/li>\n<li><strong>Autres cookies tiers.<\/strong> Des cookies tiers peuvent \u00eatre install\u00e9s sur certaines de nos pages pour permettre la gestion et l&rsquo;am\u00e9lioration des services qu&rsquo;ils proposent. Un exemple de cette utilisation est les liens vers les r\u00e9seaux sociaux qui nous permettent de partager notre contenu.<\/li>\n<\/ul>\n<p><strong>Comment param\u00e9trer mes pr\u00e9f\u00e9rences et d\u00e9sactiver les cookies ?<\/strong><\/p>\n<p>Vous pouvez autoriser, bloquer ou supprimer les cookies install\u00e9s sur votre ordinateur en configurant les options de votre navigateur internet. Dans le cas o\u00f9 vous les bloquez, certains services qui n\u00e9cessitent votre utilisation peuvent ne pas vous \u00eatre accessibles. Ci-dessous, nous vous proposons des liens o\u00f9 vous trouverez des informations sur la fa\u00e7on dont vous pouvez activer vos pr\u00e9f\u00e9rences dans les principaux navigateurs :<\/p>\n<p>Internet Explorer : Outils -&gt; options Internet -&gt; Confidentialit\u00e9 -&gt; R\u00e9glage. Pour plus d&rsquo;informations, vous pouvez vous r\u00e9f\u00e9rer au support Microsoft ou \u00e0 l&rsquo;aide du navigateur.<\/p>\n<p>Firefox : Outils -&gt; Choix -&gt; Confidentialit\u00e9 -&gt; Disque -&gt; Param\u00e8tres personnalis\u00e9s. Pour plus d&rsquo;informations, vous pouvez consulter le support Mozilla ou l&rsquo;aide du navigateur.<\/p>\n<p>Google Chrome : param\u00e8tres -&gt; Montrer les options avanc\u00e9es -&gt; Confidentialit\u00e9 -&gt; Param\u00e8tres de contenu. Pour plus d&rsquo;informations, vous pouvez consulter le support Google ou l&rsquo;aide du navigateur.<\/p>\n<p>Safari : Pr\u00e9f\u00e9rences -&gt; S\u00e9curit\u00e9. Pour plus d&rsquo;informations, vous pouvez consulter l&rsquo;assistance Apple ou l&rsquo;aide du navigateur.<\/p>\n<p><strong>Que se passe-t-il si les cookies sont d\u00e9sactiv\u00e9s :<\/strong><\/p>\n<p>Certaines fonctionnalit\u00e9s des Services seront d\u00e9sactiv\u00e9es, telles que, par exemple, rester identifi\u00e9, conserver les achats dans le \u00ab\u00a0panier\u00a0\u00bb dans un Service de commerce \u00e9lectronique, recevoir des informations dirig\u00e9es vers votre localisation ou le visionnage de certaines vid\u00e9os.<\/p>\n<\/div><\/section><\/p><\/div>\n","protected":false},"excerpt":{"rendered":"","protected":false},"author":4,"featured_media":0,"parent":0,"menu_order":0,"comment_status":"closed","ping_status":"closed","template":"","meta":{"om_disable_all_campaigns":false,"_monsterinsights_skip_tracking":false,"_monsterinsights_sitenote_active":false,"_monsterinsights_sitenote_note":"","_monsterinsights_sitenote_category":0,"_uf_show_specific_survey":0,"_uf_disable_surveys":false,"footnotes":""},"class_list":["post-8388","page","type-page","status-publish","hentry"],"aioseo_notices":[],"_links":{"self":[{"href":"https:\/\/www.fepre.com\/fr\/wp-json\/wp\/v2\/pages\/8388","targetHints":{"allow":["GET"]}}],"collection":[{"href":"https:\/\/www.fepre.com\/fr\/wp-json\/wp\/v2\/pages"}],"about":[{"href":"https:\/\/www.fepre.com\/fr\/wp-json\/wp\/v2\/types\/page"}],"author":[{"embeddable":true,"href":"https:\/\/www.fepre.com\/fr\/wp-json\/wp\/v2\/users\/4"}],"replies":[{"embeddable":true,"href":"https:\/\/www.fepre.com\/fr\/wp-json\/wp\/v2\/comments?post=8388"}],"version-history":[{"count":0,"href":"https:\/\/www.fepre.com\/fr\/wp-json\/wp\/v2\/pages\/8388\/revisions"}],"wp:attachment":[{"href":"https:\/\/www.fepre.com\/fr\/wp-json\/wp\/v2\/media?parent=8388"}],"curies":[{"name":"wp","href":"https:\/\/api.w.org\/{rel}","templated":true}]}}