{"id":7820,"date":"2021-04-01T15:10:36","date_gmt":"2021-04-01T15:10:36","guid":{"rendered":"https:\/\/www.fepre.com\/mentions-legales-et-politique-de-confidentialite\/"},"modified":"2022-03-16T12:26:50","modified_gmt":"2022-03-16T12:26:50","slug":"mentions-legales-et-politique-de-confidentialite","status":"publish","type":"page","link":"https:\/\/www.fepre.com\/fr\/mentions-legales-et-politique-de-confidentialite\/","title":{"rendered":"Mentions l\u00e9gales et Politique de Confidentialit\u00e9"},"content":{"rendered":"<div class=\"flex_column av_one_full  flex_column_div av-zero-column-padding first  avia-builder-el-0  avia-builder-el-no-sibling  \" style='border-radius:0px; '><p><div  style='padding-bottom:10px; ' class='av-special-heading av-special-heading-h1  blockquote modern-quote  avia-builder-el-1  el_before_av_textblock  avia-builder-el-first  '><h1 class='av-special-heading-tag '  itemprop=\"headline\"  >MENTIONS L\u00c9GALES ET POLITIQUE DE CONFIDENTIALIT\u00c9<\/h1><div class='special-heading-border'><div class='special-heading-inner-border' ><\/div><\/div><\/div><br \/>\n<section class=\"av_textblock_section \"  itemscope=\"itemscope\" itemtype=\"https:\/\/schema.org\/CreativeWork\" ><div class='avia_textblock  '   itemprop=\"text\" ><p><strong>Donn\u00e9es d&rsquo;identification<\/strong><\/p>\n<p>Conform\u00e9ment \u00e0 l&rsquo;obligation d&rsquo;information contenue dans l&rsquo;article 10 de la loi 34\/2002, du 11 juillet, sur les services de la soci\u00e9t\u00e9 de l&rsquo;information et le commerce \u00e9lectronique, les informations suivantes sont refl\u00e9t\u00e9es ci-dessous : l\u2019entreprise propri\u00e9taire de fepre.es est FERRETER\u00cdA Y PRENSA, S.A., dont le si\u00e8ge social \u00e0 ces fins se trouve \u00e0 Pol\u00edgon Industrial Can Jard\u00ed, carrer. Schubert Naves 9 a 11 \u00e0 Rub\u00ed (08191), Barcelone, Espagne, inscrite au registre du commerce de Barcelone, C.I.F A08787632, t\u00e9l\u00e9phone +34 936 970 103, et e-mail de contact : <a href=\"mailto:marketing@fepre.com\">marketing@fepre.es<\/a>.<\/p>\n<p><strong>Utilisateurs<\/strong><\/p>\n<p>L&rsquo;acc\u00e8s et\/ou l&rsquo;utilisation de ce portail de FERRETER\u00cdA Y PRENSA, S.A. attribue la condition d&rsquo;UTILISATEUR, qui accepte, depuis ledit acc\u00e8s et\/ou utilisation, les conditions g\u00e9n\u00e9rales d&rsquo;utilisation ici indiqu\u00e9es. Les conditions susvis\u00e9es s&rsquo;appliquent ind\u00e9pendamment des conditions g\u00e9n\u00e9rales contractuelles pouvant \u00eatre, le cas \u00e9ch\u00e9ant, d\u2019application obligatoire.<\/p>\n<p><strong>Liens.<\/strong><\/p>\n<p>Au cas o\u00f9 FERRETER\u00cdA Y PRENSA, S.A. inclurait des liens ou des hyperliens vers d&rsquo;autres sites Internet, FERRETER\u00cdA Y PRENSA, S.A. n&rsquo;exercera aucun type de contr\u00f4le sur ces sites et contenus En aucun cas FERRETER\u00cdA Y PRENSA, S.A. n&rsquo;assume de responsabilit\u00e9 quant aux contenus d&rsquo;un lien appartenant \u00e0 un site Internet d\u2019autrui, ni ne garantira la disponibilit\u00e9 technique, la qualit\u00e9, la fiabilit\u00e9, l&rsquo;exactitude, l&rsquo;exhaustivit\u00e9, la v\u00e9racit\u00e9, la validit\u00e9 et la constitutionnalit\u00e9 de toute mati\u00e8re ou information contenues en aucun de ces hyperliens ou autres sites Internet. De m\u00eame, l&rsquo;inclusion de ces connexions externes n&rsquo;impliquera aucun type d&rsquo;association, de fusion ou de participation avec les entit\u00e9s connect\u00e9es.<\/p>\n<p><strong>Modifications<\/strong><\/p>\n<p>FERRETER\u00cdA Y PRENSA, S.A. se r\u00e9serve le droit d&rsquo;effectuer sans pr\u00e9avis les modifications qu&rsquo;elle consid\u00e8re appropri\u00e9es dans son portail, pouvant modifier, supprimer ou ajouter les contenus comme les services fournis ainsi que la fa\u00e7on dont ils sont pr\u00e9sent\u00e9s ou localis\u00e9s dans son portail.<\/p>\n<p><strong>Exclusion de garanties et de responsabilit\u00e9.<\/strong><\/p>\n<p>FERRETER\u00cdA Y PRENSA, S.A. n&rsquo;assume en aucun cas la responsabilit\u00e9 des dommages et pr\u00e9judices de toute nature pouvant \u00eatre caus\u00e9s par, notamment : des erreurs ou des omissions dans les contenus, le manque de disponibilit\u00e9 du portail ou la transmission de virus ou de programmes malveillants ou nuisibles dans les contenus, bien qu&rsquo;ayant adopt\u00e9 toutes les mesures technologiques n\u00e9cessaires pour l&rsquo;\u00e9viter.<\/p>\n<p><strong>Propri\u00e9t\u00e9 intellectuelle et industrielle.<\/strong><\/p>\n<p>FERRETER\u00cdA Y PRENSA, S.A. elle-m\u00eame, ou comme cessionnaire, est titulaire de tous les droits de propri\u00e9t\u00e9 intellectuelle et industrielle sur sa page web, ainsi que sur les \u00e9l\u00e9ments qui y sont contenus (\u00e0 titre indicatif, les images, sons, audio, vid\u00e9os, logiciels ou textes ; les marques ou logotypes, les combinaisons de couleurs, la structure et la conception, la s\u00e9lection du mat\u00e9riel utilis\u00e9, les programmes d\u2019ordinateur n\u00e9cessaires pour son fonctionnement, acc\u00e8s et utilisation, etc.) appartenant au FERRETER\u00cdA Y PRENSA, S.A. ou \u00e0 ses donneurs de licence. Tous droits r\u00e9serv\u00e9s En vertu des stipulations des articles 8 et 32.1, deuxi\u00e8me paragraphe, de la Loi de Propri\u00e9t\u00e9 Intellectuelle, les activit\u00e9s suivantes seront express\u00e9ment interdites : la reproduction, la distribution et la communication publique, y compris dans sa modalit\u00e9 de mise \u00e0 disposition, de la totalit\u00e9 ou d\u2019une partie des contenus de cette page web, dans des buts commerciaux, sur tout support et par tout moyen technique, sans l\u2019autorisation de FERRETER\u00cdA Y PRENSA, S.A., cr\u00e9atrice du site web. L&rsquo;utilisateur s&rsquo;engage \u00e0 respecter les droits de propri\u00e9t\u00e9 intellectuelle et industrielle appartenant \u00e0 FERRETER\u00cdA Y PRENSA, S.A. Il pourra visualiser les \u00e9l\u00e9ments du portail et m\u00eame les imprimer, les copier et les stocker sur les disques durs de son ordinateur ou sur tout autre support physique, \u00e0 condition que ce ne soit fait que pour son utilisation personnelle et priv\u00e9e. L\u2019utilisateur ne devra jamais supprimer, alt\u00e9rer, \u00e9viter ou manipuler les dispositifs de protection ou le syst\u00e8me de s\u00e9curit\u00e9 install\u00e9 dans les pages de FERRETER\u00cdA Y PRENSA, S.A.<\/p>\n<p><strong>Utilisation du portail.<\/strong><\/p>\n<p>Il donne acc\u00e8s \u00e0 une multitude d&rsquo;informations, de services, de programmes ou de donn\u00e9es (dor\u00e9navant \u00ab les contenus \u00bb) sur Internet, appartenant \u00e0 FERRETER\u00cdA Y PRENSA, S.A. ou \u00e0 ses donneurs de licence, auxquels l&rsquo;UTILISATEUR peut avoir acc\u00e8s. L&rsquo;utilisateur assume la responsabilit\u00e9 de l&rsquo;utilisation du portail. Cette responsabilit\u00e9 s&rsquo;\u00e9tend \u00e0 l&rsquo;enregistrement qui serait n\u00e9cessaire pour acc\u00e9der \u00e0 certains services ou contenus. Lors de cet enregistrement, l&rsquo;UTILISATEUR est tenu de fournir des renseignements v\u00e9ridiques et licites. Suite \u00e0 cet enregistrement, l&rsquo;UTILISATEUR peut se voir attribuer un mot de passe dont il sera responsable, en s&rsquo;engageant \u00e0 en faire un usage diligent et confidentiel. L&rsquo;UTILISATEUR s&rsquo;engage \u00e0 faire un usage appropri\u00e9 des contenus et services (tels que les services de chat, les forums de discussion ou les groupes de discussion) que FERRETER\u00cdA Y PRENSA, S.A. offre \u00e0 travers son portail et, \u00e0 titre d&rsquo;exemple, notamment, de ne pas les utiliser pour (1) r\u00e9aliser des activit\u00e9s illicites, ill\u00e9gales ou contraires \u00e0 la bonne foi et \u00e0 l&rsquo;ordre public ; (2) diffuser des contenus ou de la propagande \u00e0 caract\u00e8re raciste, x\u00e9nophobe, pornographique-ill\u00e9gal, en faveur du terrorisme ou contre les droits de l&rsquo;homme ; (3) causer des dommages aux syst\u00e8mes physiques et logiques de FERRETER\u00cdA Y PRENSA, S.A., ses fournisseurs ou des tiers, introduire ou diffuser des virus informatiques ou tout autre syst\u00e8me physique ou logique pouvant causer les dommages susmentionn\u00e9s ; (4) tenter d&rsquo;acc\u00e9der et, le cas \u00e9ch\u00e9ant, d&rsquo;utiliser les comptes de courrier \u00e9lectronique d&rsquo;autres utilisateurs et modifier ou manipuler leurs messages. FERRETER\u00cdA Y PRENSA, S.A. se r\u00e9serve le droit de retirer tous les commentaires et contributions portant atteinte au respect de la dignit\u00e9 humaine, discriminatoires, x\u00e9nophobes, pornographiques, racistes, attentatoires contre la jeunesse ou l\u2019enfance, l&rsquo;ordre ou la s\u00e9curit\u00e9 publics ou qui, \u00e0 son avis, ne sont pas publiables. En tout \u00e9tat de cause, FERRETER\u00cdA Y PRENSA, S.A. n&rsquo;est pas responsable des opinions exprim\u00e9es par les utilisateurs sur les forums, les chats ou autres outils de participation.<\/p>\n<p><strong>POLITIQUE DE COOKIES<\/strong><\/p>\n<p>FERRETER\u00cdA Y PRENSA, S.A., pour son propre compte ou celui d&rsquo;un tiers charg\u00e9 de fournir des services de mesure, peut utiliser des cookies lorsqu&rsquo;un utilisateur navigue sur le site web. Les cookies sont des fichiers envoy\u00e9s au navigateur par un serveur web afin d&rsquo;enregistrer les activit\u00e9s de l&rsquo;utilisateur au cours de sa navigation. Les cookies utilis\u00e9s par le site web sont uniquement associ\u00e9s \u00e0 un utilisateur anonyme et \u00e0 son ordinateur, et ne fournissent pas en eux-m\u00eames les donn\u00e9es personnelles de l&rsquo;utilisateur. Gr\u00e2ce \u00e0 l&rsquo;utilisation de cookies, il est possible que le serveur o\u00f9 se trouve le site web reconnaisse le navigateur web utilis\u00e9 par l&rsquo;utilisateur afin de faciliter la navigation, permettant, par exemple, aux utilisateurs qui se sont pr\u00e9alablement inscrits, d&rsquo;acc\u00e9der \u00e0 des zones, des services, des promotions ou des concours qui leur sont exclusivement r\u00e9serv\u00e9s sans devoir s&rsquo;inscrire \u00e0 chaque visite. Ils servent \u00e9galement \u00e0 mesurer les param\u00e8tres d&rsquo;audience et de trafic, \u00e0 suivre la progression et le nombre d&rsquo;entr\u00e9es. L&rsquo;utilisateur a la possibilit\u00e9 de configurer son navigateur pour \u00eatre inform\u00e9 de la r\u00e9ception de cookies et pour emp\u00eacher leur installation sur son \u00e9quipement. Veuillez consulter les instructions et les manuels de votre navigateur pour plus d&rsquo;informations. Pour utiliser le site web, il n&rsquo;est pas n\u00e9cessaire que l&rsquo;utilisateur permette l&rsquo;installation des cookies envoy\u00e9s par le site web, ou le tiers agissant en son nom, sans pr\u00e9judice du fait qu&rsquo;il est n\u00e9cessaire que l&rsquo;utilisateur se connecte en tant que tel dans chacun des services dont la prestation requiert une inscription pr\u00e9alable ou \u00ab login \u00bb. En aucun cas, les cookies ne seront utilis\u00e9s pour collecter des informations personnelles.<\/p>\n<p><strong>Modification des pr\u00e9sentes conditions et de la dur\u00e9e.<\/strong><\/p>\n<p>FERRETER\u00cdA Y PRENSA, S.A. pourra modifier \u00e0 tout moment les conditions d\u00e9termin\u00e9es ici, \u00e9tant d\u00fbment publi\u00e9es telles qu&rsquo;elles apparaissent ici. La validit\u00e9 desdites conditions sera en fonction de leur exposition et restera en vigueur jusqu&rsquo;\u00e0 ce qu&rsquo;elles soient modifi\u00e9es par d&rsquo;autres conditions d\u00fbment publi\u00e9es.<br \/>\nDroit applicable et juridiction comp\u00e9tente :<br \/>\nLa relation entre FERRETER\u00cdA Y PRENSA, S.A. et l&rsquo;UTILISATEUR sera r\u00e9gie par la l\u00e9gislation espagnole en vigueur et tout litige sera soumis aux Cours et Tribunaux de la ville de Barcelone.<\/p>\n<p><strong>Politique de confidentialit\u00e9.<\/strong><\/p>\n<p>Conform\u00e9ment aux dispositions de la loi organique 15\/1999, du 13 d\u00e9cembre, sur la protection des donn\u00e9es personnelles et du r\u00e8glement europ\u00e9en UE 2016\/679, nous vous informons de ce qui suit : Identit\u00e9 et coordonn\u00e9es du responsable du traitement des donn\u00e9es. Nous vous informons que les donn\u00e9es que vous nous fournissez seront incluses et trait\u00e9es dans les fichiers appartenant \u00e0 FERRETER\u00cdA Y PRENSA, S.A. avec le CIF A08787632, d\u00fbment inscrit au Registre g\u00e9n\u00e9ral de protection des donn\u00e9es, afin de fournir nos services, ainsi que pour vous tenir inform\u00e9 des questions relatives \u00e0 l&rsquo;activit\u00e9 et aux services de l&rsquo;entreprise.<\/p>\n<p><strong>M\u00e9thode de collecte et de traitement des donn\u00e9es.<\/strong><\/p>\n<p>Les donn\u00e9es sont collect\u00e9es directement aupr\u00e8s de la personne concern\u00e9e, en personne ou au moyen du formulaire figurant sur notre site web d&rsquo;entreprise, en lui fournissant toutes les informations n\u00e9cessaires requises par la loi. Le traitement est effectu\u00e9 au moyen d&rsquo;instruments automatis\u00e9s dans le respect de la r\u00e9glementation et conform\u00e9ment aux principes de correction, de l\u00e9galit\u00e9, de transparence et de protection de votre confidentialit\u00e9 et de vos droits. Notre syst\u00e8me informatique est structur\u00e9 de mani\u00e8re \u00e0 pr\u00e9venir la perte de donn\u00e9es, l&rsquo;utilisation ill\u00e9gale ou abusive et l&rsquo;acc\u00e8s non autoris\u00e9, et r\u00e9pond aux normes de s\u00e9curit\u00e9 requises. Vous \u00eates \u00e9galement inform\u00e9 que vos donn\u00e9es pourront \u00eatre utilis\u00e9es pour l&rsquo;envoi de communications commerciales, envoy\u00e9es par courrier ordinaire et \u00e9lectronique, sms et t\u00e9l\u00e9phone.<\/p>\n<p><strong>Base juridique &#8211; Finalit\u00e9 du traitement.<\/strong><\/p>\n<p>Les donn\u00e9es communiqu\u00e9es seront uniquement celles strictement n\u00e9cessaires \u00e0 l&rsquo;ex\u00e9cution du service demand\u00e9 : devis, factures, rapports. La communication de ces donn\u00e9es est obligatoire pour pouvoir ex\u00e9cuter les services qui vous sont propos\u00e9s et un \u00e9ventuel refus de votre part entra\u00eenera l&rsquo;impossibilit\u00e9 pour cette soci\u00e9t\u00e9 d&rsquo;ex\u00e9cuter les services convenus.<\/p>\n<p><strong>Destinataires auxquels vos donn\u00e9es peuvent \u00eatre divulgu\u00e9es.<\/strong><\/p>\n<p>Vos donn\u00e9es ne seront pas divulgu\u00e9es \u00e0 des tiers, sauf si cela est n\u00e9cessaire et indispensable (ou, en tout cas, fonctionnel) pour l&rsquo;ex\u00e9cution des services que vous nous avez demand\u00e9s ou en cas d&rsquo;obligation l\u00e9gale. D&rsquo;autres communications \u00e9ventuelles seront faites \u00e0 d&rsquo;autres sujets (autoris\u00e9s, d\u00e9sign\u00e9s et sp\u00e9cifiquement instruits par le responsable). Vos donn\u00e9es ne seront pas divulgu\u00e9es \u00e0 des tiers sans votre consentement expr\u00e8s pr\u00e9alable et ne seront en aucun cas transf\u00e9r\u00e9es vers des pays tiers en dehors de l&rsquo;UE.<\/p>\n<p><strong>Dur\u00e9e de conservation des donn\u00e9es personnelles.<\/strong><\/p>\n<p>Vos donn\u00e9es personnelles seront conserv\u00e9es pendant le temps jug\u00e9 utile pour l&rsquo;ex\u00e9cution du service demand\u00e9 ou pour la gestion d&rsquo;activit\u00e9s administratives ult\u00e9rieures. FERRETER\u00cdA Y PRENSA, S.A. s&rsquo;engage \u00e0 traiter les donn\u00e9es personnelles fournies de mani\u00e8re confidentielle et \u00e0 les restituer \u00e0 la personne concern\u00e9e ou \u00e0 les d\u00e9truire une fois la relation contractuelle termin\u00e9e.<\/p>\n<p><strong>Droits de la personne concern\u00e9e et retrait du consentement.<\/strong><\/p>\n<p>Vous avez le droit de demander au propri\u00e9taire, \u00e0 tout moment, l&rsquo;acc\u00e8s \u00e0 vos donn\u00e9es, ainsi que leur rectification, annulation ou portabilit\u00e9. Vous avez \u00e9galement le droit de demander la limitation du traitement ou de vous y opposer. En outre, vous pouvez \u00e0 tout moment r\u00e9voquer les consentements donn\u00e9s par le biais de cette note informative en envoyant votre demande \u00e0 <a href=\"_wp_link_placeholder\" data-wplink-edit=\"true\">marketing@fepre.com<\/a>, en fournissant une preuve de votre identit\u00e9. Si vous estimez que vos donn\u00e9es ont \u00e9t\u00e9 trait\u00e9es ill\u00e9galement, vous avez le droit de contacter \u00e0 tout moment l&rsquo;autorit\u00e9 de contr\u00f4le pour pr\u00e9senter une r\u00e9clamation.<\/p>\n<p><strong>Processus de d\u00e9cision automatis\u00e9s.<\/strong><\/p>\n<p>Consentement expr\u00e8s. Le propri\u00e9taire n&rsquo;utilise, en aucune fa\u00e7on, des processus de d\u00e9cision automatis\u00e9s concernant vos donn\u00e9es personnelles. En envoyant vos donn\u00e9es personnelles par le biais de notre formulaire web, vous attestez l&rsquo;exactitude et la mise \u00e0 jour de celles-ci, que vous avez \u00e9t\u00e9 inform\u00e9 de mani\u00e8re compr\u00e9hensible, pr\u00e9cise et sans \u00e9quivoque de l&rsquo;utilisation et du traitement qui seront appliqu\u00e9s \u00e0 vos donn\u00e9es, des droits dont vous disposez et que vous donnez votre consentement expr\u00e8s afin que FERRETER\u00cdA Y PRENSA, S.A. puisse les utiliser uniquement et exclusivement dans le but sp\u00e9cifique du service contract\u00e9.<\/p>\n<\/div><\/section><\/p><\/div>\n","protected":false},"excerpt":{"rendered":"","protected":false},"author":4,"featured_media":0,"parent":0,"menu_order":0,"comment_status":"closed","ping_status":"open","template":"","meta":{"om_disable_all_campaigns":false,"_monsterinsights_skip_tracking":false,"_monsterinsights_sitenote_active":false,"_monsterinsights_sitenote_note":"","_monsterinsights_sitenote_category":0,"_uf_show_specific_survey":0,"_uf_disable_surveys":false,"footnotes":""},"class_list":["post-7820","page","type-page","status-publish","hentry"],"aioseo_notices":[],"_links":{"self":[{"href":"https:\/\/www.fepre.com\/fr\/wp-json\/wp\/v2\/pages\/7820","targetHints":{"allow":["GET"]}}],"collection":[{"href":"https:\/\/www.fepre.com\/fr\/wp-json\/wp\/v2\/pages"}],"about":[{"href":"https:\/\/www.fepre.com\/fr\/wp-json\/wp\/v2\/types\/page"}],"author":[{"embeddable":true,"href":"https:\/\/www.fepre.com\/fr\/wp-json\/wp\/v2\/users\/4"}],"replies":[{"embeddable":true,"href":"https:\/\/www.fepre.com\/fr\/wp-json\/wp\/v2\/comments?post=7820"}],"version-history":[{"count":0,"href":"https:\/\/www.fepre.com\/fr\/wp-json\/wp\/v2\/pages\/7820\/revisions"}],"wp:attachment":[{"href":"https:\/\/www.fepre.com\/fr\/wp-json\/wp\/v2\/media?parent=7820"}],"curies":[{"name":"wp","href":"https:\/\/api.w.org\/{rel}","templated":true}]}}