{"id":9588,"date":"2026-02-11T07:16:30","date_gmt":"2026-02-11T07:16:30","guid":{"rendered":"https:\/\/www.fepre.com\/politica-de-qualitat\/"},"modified":"2026-02-11T07:16:30","modified_gmt":"2026-02-11T07:16:30","slug":"politica-de-qualitat","status":"publish","type":"page","link":"https:\/\/www.fepre.com\/ca\/politica-de-qualitat\/","title":{"rendered":"Pol\u00edtica de Qualitat"},"content":{"rendered":"<p style=\"text-align: center;\"><strong>POL\u00cdTICA QUALITAT<\/strong><\/p>\n<p>&nbsp;<\/p>\n<p>A FEPRE, estem compromesos amb l&#8217;excel\u00b7l\u00e8ncia en la distribuci\u00f3 de productes de ferreteria, proporcionant als nostres clients productes de qualitat, fiables i segurs, que compleixin les seves expectatives i necessitats.<\/p>\n<p>La nostra missi\u00f3 \u00e9s assegurar un servei \u00e0gil i eficient que impulsi l&#8217;\u00e8xit dels nostres clients i consolidi la nostra posici\u00f3 al mercat.<\/p>\n<p>Per complir aquests objectius, ens comprometem a:<\/p>\n<ol>\n<li>Selecci\u00f3 i Control de Prove\u00efdors: Treballar amb prove\u00efdors de confian\u00e7a que comparteixin el nostre comprom\u00eds amb la qualitat, garantint que cada producte que oferim compleixi amb els est\u00e0ndards establerts al mercat i amb les normatives vigents.<\/li>\n<li>Aportar qualitat als nostres productes i serveis<\/li>\n<li>Atendre les necessitats i expectatives dels grups d&#8217;inter\u00e8s que afecten la nostra activitat i en especial clients i col\u00b7laboradors.<\/li>\n<li>Establir objectius de millora.<\/li>\n<li>Establir un sistema de gesti\u00f3 amb un enfocament a processos i amb l&#8217;an\u00e0lisi en cadascun dels riscos possibles que puguin afectar.<\/li>\n<\/ol>\n<p>A FEPRE, tots els membres de la nostra organitzaci\u00f3 estan compromesos amb aquesta pol\u00edtica de qualitat. Treballem cont\u00ednuament per complir els est\u00e0ndards que ens permeten oferir productes de ferreteria fiables i de qualitat, aconseguint aix\u00ed la satisfacci\u00f3 i fidelitzaci\u00f3 dels nostres clients. Estem compromesos amb la millora cont\u00ednua i la innovaci\u00f3 a cada \u00e0rea del nostre negoci, enfortint les nostres relacions comercials i aportant al desenvolupament del nostre sector. Per aix\u00f2 la direcci\u00f3 liderar\u00e0 la gesti\u00f3 de la qualitat aportant els recursos necessaris per aconseguir-ho.   <\/p>\n<p>Aquesta pol\u00edtica de qualitat ser\u00e0 revisada de manera peri\u00f2dica per garantir la seva adequaci\u00f3 als canvis al mercat, les necessitats dels nostres clients i els aven\u00e7os en el nostre sector. \u00c9s el nostre comprom\u00eds mantenir alts est\u00e0ndards i continuar sent un referent de qualitat en la distribuci\u00f3 de productes de ferreteria. <\/p>\n<p>&nbsp;<\/p>\n<p>&nbsp;<\/p>\n<p>&nbsp;<\/p>\n<p>Firmat: EDUARDO COLOMA MOLINA, Novembre 2024<\/p>\n","protected":false},"excerpt":{"rendered":"<p>POL\u00cdTICA QUALITAT &nbsp; A FEPRE, estem compromesos amb l&#8217;excel\u00b7l\u00e8ncia en la distribuci\u00f3 de productes de ferreteria, proporcionant als nostres clients productes de qualitat, fiables i segurs, que compleixin les seves expectatives i necessitats. La nostra missi\u00f3 \u00e9s assegurar un servei \u00e0gil i eficient que impulsi l&#8217;\u00e8xit dels nostres clients i consolidi la nostra posici\u00f3 al [&hellip;]<\/p>\n","protected":false},"author":7,"featured_media":0,"parent":0,"menu_order":0,"comment_status":"closed","ping_status":"closed","template":"","meta":{"om_disable_all_campaigns":false,"_monsterinsights_skip_tracking":false,"_monsterinsights_sitenote_active":false,"_monsterinsights_sitenote_note":"","_monsterinsights_sitenote_category":0,"_uf_show_specific_survey":0,"_uf_disable_surveys":false,"footnotes":""},"class_list":["post-9588","page","type-page","status-publish","hentry"],"aioseo_notices":[],"_links":{"self":[{"href":"https:\/\/www.fepre.com\/ca\/wp-json\/wp\/v2\/pages\/9588","targetHints":{"allow":["GET"]}}],"collection":[{"href":"https:\/\/www.fepre.com\/ca\/wp-json\/wp\/v2\/pages"}],"about":[{"href":"https:\/\/www.fepre.com\/ca\/wp-json\/wp\/v2\/types\/page"}],"author":[{"embeddable":true,"href":"https:\/\/www.fepre.com\/ca\/wp-json\/wp\/v2\/users\/7"}],"replies":[{"embeddable":true,"href":"https:\/\/www.fepre.com\/ca\/wp-json\/wp\/v2\/comments?post=9588"}],"version-history":[{"count":1,"href":"https:\/\/www.fepre.com\/ca\/wp-json\/wp\/v2\/pages\/9588\/revisions"}],"predecessor-version":[{"id":9592,"href":"https:\/\/www.fepre.com\/ca\/wp-json\/wp\/v2\/pages\/9588\/revisions\/9592"}],"wp:attachment":[{"href":"https:\/\/www.fepre.com\/ca\/wp-json\/wp\/v2\/media?parent=9588"}],"curies":[{"name":"wp","href":"https:\/\/api.w.org\/{rel}","templated":true}]}}