{"id":7686,"date":"2021-04-01T15:10:36","date_gmt":"2021-04-01T15:10:36","guid":{"rendered":"https:\/\/www.fepre.com\/aviso-legal-y-politica-de-privacidad\/"},"modified":"2023-01-10T19:02:54","modified_gmt":"2023-01-10T19:02:54","slug":"aviso-legal-y-politica-de-privacidad","status":"publish","type":"page","link":"https:\/\/www.fepre.com\/ca\/aviso-legal-y-politica-de-privacidad\/","title":{"rendered":"Aviso legal y Pol\u00edtica de privacidad"},"content":{"rendered":"<div class=\"flex_column av_one_full  flex_column_div av-zero-column-padding first  avia-builder-el-0  avia-builder-el-no-sibling  \" style='border-radius:0px; '><p><div  style='padding-bottom:10px; ' class='av-special-heading av-special-heading-h1  blockquote modern-quote  avia-builder-el-1  el_before_av_textblock  avia-builder-el-first  '><h1 class='av-special-heading-tag '  itemprop=\"headline\"  >Av\u00eds legal i pol\u00edtica de privacitat<\/h1><div class='special-heading-border'><div class='special-heading-inner-border' ><\/div><\/div><\/div><br \/>\n<section class=\"av_textblock_section \"  itemscope=\"itemscope\" itemtype=\"https:\/\/schema.org\/CreativeWork\" ><div class='avia_textblock  '   itemprop=\"text\" ><p><strong>Dades identificatives.<\/strong><\/p>\n<p>En compliment amb el deure d&#8217;informaci\u00f3 recollit en article 10 de la Llei 34\/2002, d&#8217;11 de juliol, de Serveis de la Societat de la Informaci\u00f3 i del Comer\u00e7 Electr\u00f2nic, a continuaci\u00f3, es reflecteixen les seg\u00fcents dades: l&#8217;empresa titular de fepre.es \u00e9s FERRETERIA I PREMSES, S.A., amb domicili a aquest efecte en Pol\u00edgon Industrial Can Jard\u00ed, carrer. Schubert Naves 9 a 11 de Rub\u00ed (08191), Barcelona, Espanya, inscrita en el Registre Mercantil de Barcelona, C.I.F A08787632, tel\u00e8fon +34 936 970 103, i correu electr\u00f2nic de contacte: <a href=\"mailto:marketing@fepre.com\">marketing@fepre.com<\/a>.<\/p>\n<p><strong>Usuaris.<\/strong><\/p>\n<p>L&#8217;acc\u00e9s i \/ o \u00fas d&#8217;aquest portal de FERRETERIA I PREMSES, S.A. atribueix la condici\u00f3 d&#8217;USUARI, que accepta, des d&#8217;aquest acc\u00e9s i \/ o \u00fas, les Condicions Generals d&#8217;\u00das aqu\u00ed reflectides. Les citades Condicions seran aplicable independentment de les Condicions Generals de Contractaci\u00f3 que si escau resultin d&#8217;obligat compliment.<\/p>\n<p><strong>Enlla\u00e7os.<\/strong><\/p>\n<p>En cas que en FERRETERIA I PREMSES, S. A. es disposessin enlla\u00e7os o enlla\u00e7os feia altres llocs d&#8217;Internet, FERRETERIA I PREMSES, S.A. no exercir\u00e0 cap mena de control sobre aquests llocs i continguts. En cap cas FERRETERIA I PREMSES, S.A. assumir\u00e0 cap responsabilitat pels continguts d&#8217;algun enlla\u00e7 pertanyent a un lloc web ali\u00e8, ni garantir\u00e0 la disponibilitat t\u00e8cnica, qualitat, fiabilitat, exactitud, amplitud, veracitat, validesa i constitucionalitat de qualsevol material o informaci\u00f3 continguda en cap d&#8217;aquests enlla\u00e7os o altres llocs d&#8217;Internet. Igualment, la inclusi\u00f3 d&#8217;aquestes connexions externes no implicar\u00e0 cap mena d&#8217;associaci\u00f3, fusi\u00f3 o participaci\u00f3 amb les entitats connectades.<\/p>\n<p><strong>Modificacions.<\/strong><\/p>\n<p>FERRETERIA I PREMSES, S.A. es reserva el dret d&#8217;efectuar sense previ av\u00eds les modificacions que consideri oportunes en el seu portal, podent canviar, suprimir o afegir tant els continguts i serveis que es prestin a trav\u00e9s de la mateixa com la forma en qu\u00e8 aquests apareguin presentats o localitzats en el seu portal.<\/p>\n<p><strong>Exclusi\u00f3 de garanties i responsabilitat.<\/strong><\/p>\n<p>FERRETERIA I PREMSES, S.A. no es fa responsable, en cap cas, dels danys i perjudicis de qualsevol naturalesa que poguessin ocasionar, a t\u00edtol enunciatiu: errors o omissions en els continguts, falta de disponibilitat del portal o la transmissi\u00f3 de virus o programes maliciosos o lesius en els continguts, malgrat haver adoptat totes les mesures tecnol\u00f2giques necess\u00e0ries per a evitar-ho.<\/p>\n<p><strong>Propietat intel\u00b7lectual i industrial.<\/strong><\/p>\n<p>FERRETERIA I PREMSES, S.A. per si o com a cession\u00e0ria, \u00e9s titular de tots els drets de propietat intel\u00b7lectual i industrial de la seva p\u00e0gina web, aix\u00ed com dels elements continguts en la mateixa (a t\u00edtol enunciatiu, imatges, so, \u00e0udio, v\u00eddeo, programari o textos ; marques o logotips, combinacions de colors, estructura i disseny, selecci\u00f3 de materials usats, programes d&#8217;ordinador necessaris per al seu funcionament, acc\u00e9s i \u00fas, etc.), titularitat de FERRETERIA I PREMSES, S.A. o b\u00e9 dels seus llicenciadors. Tots els drets reservats. En virtut del que es disposa en els articles 8 i 32.1, par\u00e0graf segon, de la Llei de Propietat Intel\u00b7lectual, queden expressament prohibides la reproducci\u00f3, la distribuci\u00f3 i la comunicaci\u00f3 p\u00fablica, inclosa la seva modalitat de posada a disposici\u00f3, de la totalitat o part els continguts d&#8217;aquesta p\u00e0gina web, amb finalitats comercials, en qualsevol suport i per qualsevol mitj\u00e0 t\u00e8cnic, sense l&#8217;autoritzaci\u00f3 de FERRETERIA I PREMSES, S.A. creadora del lloc web. L&#8217;usuari es compromet a respectar els drets de Propietat Intel\u00b7lectual i Industrial titularitat de FERRETERIA I PREMSES, S.A. Podr\u00e0 visualitzar els elements del portal i fins i tot imprimir-los, copiar-los i emmagatzemar-los en el disc dur del seu ordinador o en qualsevol altre suport f\u00edsic sempre que sigui, exclusivament, per al seu \u00fas personal i privat. L&#8217;usuari haur\u00e0 d&#8217;abstenir-se de suprimir, alterar, eludir o manipular qualsevol dispositiu de protecci\u00f3 o sistema de seguretat que estigu\u00e9s instal\u00b7lat en el les p\u00e0gines de FERRETERIA I PREMSES, S.A.<\/p>\n<p><strong>\u00das del portal.<\/strong><\/p>\n<p>Proporciona l&#8217;acc\u00e9s a multitud d&#8217;informacions, serveis, programes o dades (d&#8217;ara endavant, \u00abels continguts\u00bb) en Internet pertanyents a FERRETERIA I PREMSES, S.A. o als seus llicenciadors als quals l&#8217;USUARI pugui tenir acc\u00e9s. L&#8217;usuari assumeix la responsabilitat de l&#8217;\u00fas del portal. Aquesta responsabilitat s&#8217;est\u00e9n al registre que fos necessari per a accedir a determinats serveis o continguts. En aquest registre l&#8217;USUARI ser\u00e0 responsable d&#8217;aportar informaci\u00f3 vera\u00e7 i l\u00edcita. A conseq\u00fc\u00e8ncia d&#8217;aquest registre, a l&#8217;USUARI se li pot proporcionar una contrasenya de la qual ser\u00e0 responsable, comprometent-se a fer un \u00fas diligent i confidencial d&#8217;aquesta. L&#8217;USUARI es compromet a fer un \u00fas adequat dels continguts i serveis (com per exemple serveis de xat, f\u00f2rums de discussi\u00f3 o grups de not\u00edcies) que FERRETERIA I PREMSES, S.A. ofereix a trav\u00e9s del seu portal i amb car\u00e0cter enunciatiu per\u00f2 no limitatiu, a no emprar-los per a (1) inc\u00f3rrer en activitats il\u00b7l\u00edcites, il\u00b7legals o contr\u00e0ries a la bona fe i a l&#8217;ordre p\u00fablic; (2) difondre continguts o propaganda de car\u00e0cter racista, xen\u00f2fob, pornogr\u00e0fic-il\u00b7legal, d&#8217;apologia del terrorisme o atemptatori contra els drets humans; (3) provocar danys en els sistemes f\u00edsics i l\u00f2gics de FERRETERIA I PREMSES, S.A., dels seus prove\u00efdors o de terceres persones, introduir o difondre en la xarxa virus inform\u00e0tics o qualssevol altres sistemes f\u00edsics o l\u00f2gics que siguin susceptibles de provocar els danys anteriorment esmentats; (4) intentar accedir i, en el seu cas, utilitzar els comptes de correu electr\u00f2nic d&#8217;altres usuaris i modificar o manipular els seus missatges. FERRETERIA I PREMSES, S.A. es reserva el dret de retirar tots aquells comentaris i aportacions que vulnerin el respecte a la dignitat de la persona, que siguin discriminatoris, xen\u00f2fobs, racistes, pornogr\u00e0fics, que atemptin contra la joventut o la inf\u00e0ncia, l&#8217;ordre o la seguretat p\u00fablica o que, al seu judici, no resultessin adequats per a la seva publicaci\u00f3. En qualsevol cas, FERRETERIA I PREMSES, S.A. no ser\u00e0 responsable de les opinions abocades pels usuaris a trav\u00e9s dels f\u00f2rums, xats, o altres eines de participaci\u00f3.<\/p>\n<p><strong>POL\u00cdTICA de cookies.<\/strong><\/p>\n<p>FERRETERIA I PREMSES, S.A. pel seu propi compte o la d&#8217;un tercer contractat per a la prestaci\u00f3 de serveis de mesurament, poden utilitzar cookies quan un usuari navega pel lloc web. Les cookies s\u00f3n fitxers enviats al navegador per mitj\u00e0 d&#8217;un servidor web amb la finalitat de registrar les activitats de l&#8217;usuari durant el seu temps de navegaci\u00f3. Les cookies utilitzades pel lloc web s&#8217;associen \u00fanicament amb un usuari an\u00f2nim i el seu ordinador, i no proporcionen per si mateixes les dades personals de l&#8217;usuari. Mitjan\u00e7ant l&#8217;\u00fas de les cookies \u00e9s possible que el servidor on es troba la web, reconegui el navegador web utilitzat per l&#8217;usuari amb la finalitat que la navegaci\u00f3 sigui m\u00e9s senzilla, permetent, per exemple, l&#8217;acc\u00e9s als usuaris que s&#8217;hagin registrat pr\u00e8viament, accedir a les \u00e0rees, serveis, promocions o concursos reservats exclusivament a ells sense haver de registrar-se en cada visita. S&#8217;utilitzen tamb\u00e9 per a mesurar l&#8217;audi\u00e8ncia i par\u00e0metres del tr\u00e0nsit, controlar el progr\u00e9s i nombre d&#8217;entrades. L&#8217;usuari t\u00e9 la possibilitat de configurar el seu navegador per a ser avisat de la recepci\u00f3 de cookies i per a impedir la seva instal\u00b7laci\u00f3 en el seu equip. Si us plau, consulti les instruccions i manuals del seu navegador per a ampliar aquesta informaci\u00f3. Per a utilitzar el lloc web, no resulta necessari que l&#8217;usuari permeti la instal\u00b7laci\u00f3 de les cookies enviades pel lloc web, o el tercer que actu\u00ef en el seu nom, sense perjudici que sigui necessari que l&#8217;usuari inici\u00ef una sessi\u00f3 com a tal en cadascun dels serveis la prestaci\u00f3 dels quals requereixi el previ registre o \u00ab*login\u00bb. En cap cas s&#8217;utilitzaran les cookies per a recollir informaci\u00f3 de car\u00e0cter personal.<\/p>\n<p><strong>Modificaci\u00f3 de les presents condicions i durada.<\/strong><\/p>\n<p>FERRETERIA I PREMSES, S.A. podr\u00e0 modificar en qualsevol moment les condicions aqu\u00ed determinades, sent degudament publicades com aqu\u00ed apareixen. La vig\u00e8ncia de les citades condicions anir\u00e0 en funci\u00f3 de la seva exposici\u00f3 i estaran vigents fins que siguin modificades per unes altres degudament publicades.<br \/>\nLegislaci\u00f3 aplicable i jurisdicci\u00f3:<br \/>\nLa relaci\u00f3 entre FERRETERIA I PREMSES, S.A. i l&#8217;USUARI es regir\u00e0 per la normativa espanyola vigent i qualsevol controv\u00e8rsia se sotmetr\u00e0 als Jutjats i tribunals de la ciutat de Barcelona.<\/p>\n<p><strong>Pol\u00edtica de Privacitat.<\/strong><\/p>\n<p>En compliment del que s&#8217;estableix en la Llei org\u00e0nica 15\/1999, de 13 de desembre, de protecci\u00f3 de dades de car\u00e0cter personal i del Reglament Europeu UE 2016\/679 l&#8217;informem del seg\u00fcent: Identitat i dades de contacte del responsable del tractament. Comuniquem que les dades que vost\u00e8 ens faciliti quedaran incorporats i seran tractats en els fitxers titularitat de FERRETERIA I PREMSES, S.A. amb CIF A08787632, degudament inscrits en el Registre General de Protecci\u00f3 de Dades, amb la finalitat de poder prestar els nostres serveis, aix\u00ed com per a mantenir-li informat sobre q\u00fcestions relatives a l&#8217;activitat de l&#8217;empresa i els seus serveis.<\/p>\n<p><strong>Modalitat de recollida i tractament de les dades.<\/strong><\/p>\n<p>Les dades es recullen directament de l&#8217;interessat, en forma presencial o mitjan\u00e7ant el formulari de la nostra web corporativa, facilitant al mateix tota la informaci\u00f3 necess\u00e0ria que preveu la llei. El tractament es realitza mitjan\u00e7ant instruments automatitzats en compliment de la normativa i de conformitat amb els principis de correcci\u00f3, licitud, transpar\u00e8ncia i tutela de la seva confidencialitat i drets. El nostre sistema inform\u00e0tic est\u00e0 estructurat de manera que es pugui prevenir la p\u00e8rdua de dades, usos il\u00b7l\u00edcits o no correctes i accessos no autoritzats, complint amb les normes de seguretat exigibles. Aix\u00ed mateix, se l&#8217;informa que les seves dades podran ser utilitzats per a la remissi\u00f3 de comunicacions comercials, remeses per correu ordinari i electr\u00f2nic, sms i tel\u00e8fon.<\/p>\n<p><strong>Base jur\u00eddica \u2013 Finalitat del tractament.<\/strong><\/p>\n<p>Les dades comunicades seran \u00fanicament els estrictament indispensables per a l&#8217;execuci\u00f3 de la prestaci\u00f3 sol\u00b7licitada: pressupostos, factures, informe. La comunicaci\u00f3 d&#8217;aquestes dades \u00e9s obligat\u00f2ria per a poder donar execuci\u00f3 als serveis que se li han ofert i una possible denegaci\u00f3 de la comunicaci\u00f3 per la seva part comportar\u00e0 per a aquesta empresa la impossibilitat de complir amb les prestacions acordades.<\/p>\n<p><strong>Destinataris als quals se&#8217;ls pot comunicar les seves dades.<\/strong><\/p>\n<p>Les seves dades no es comunicaran a tercers, excepte quan sigui necessari i indispensable (o, en tot cas, funcional) per al desenvolupament dels serveis que ens ha demanat o hi hagi una obligaci\u00f3 legal. Es realitzaran altres possibles comunicacions a altres subjectes (autoritzats, nomenats i instru\u00efts espec\u00edficament pel Responsable). Les seves dades no es difondran a tercers sense que vost\u00e8 hagi prestat pr\u00e8viament i expressament el seu consentiment i no seran objecte de transmissi\u00f3, en cap concepte, a tercers pa\u00efsos fora de la UE.<\/p>\n<p><strong>Durada de la conservaci\u00f3 de les dades de car\u00e0cter personal.<\/strong><\/p>\n<p>Les seves dades de car\u00e0cter personal es conservaran durant el temps considerat \u00fatil per a l&#8217;execuci\u00f3 de la prestaci\u00f3 sol\u00b7licitada o per a la gesti\u00f3 d&#8217;activitats administratives posteriors, FERRETERIA I PREMSES, S.A. es compromet a tractar de manera confidencial les dades de car\u00e0cter personal facilitats i tornar-les a l&#8217;interessat o destruir una vegada finalitzada la relaci\u00f3 contractual.<\/p>\n<p><strong>Drets de l&#8217;interessat i revocaci\u00f3 del consentiment prestat.<\/strong><\/p>\n<p>Vost\u00e8 t\u00e9 dret a sol\u00b7licitar al titular, en qualsevol moment, l&#8217;acc\u00e9s a les seves dades, aix\u00ed com la rectificaci\u00f3, la cancel\u00b7laci\u00f3 o la portabilitat d&#8217;aquests. Aix\u00ed mateix, t\u00e9 dret a sol\u00b7licitar la limitaci\u00f3 del tractament o oposar-se a aquest. A m\u00e9s, podr\u00e0 revocar en qualsevol moment els consentiments prestats a trav\u00e9s de la present nota informativa, dirigint la seva sol\u00b7licitud a marketing@fepre.com , aportant acreditaci\u00f3 de la seva identitat. En cas que consideri que les seves dades hagin estat tractats de manera il\u00b7leg\u00edtima, t\u00e9 dret a dirigir-se a l&#8217;Autoritat de Control per a presentar una reclamaci\u00f3.<\/p>\n<p><strong>Processos de decisi\u00f3 automatitzats.<\/strong><\/p>\n<p>Consentiment expr\u00e9s. El titular no utilitza, de cap manera, processos de decisi\u00f3 automatitzats concernents a les seves dades de car\u00e0cter personal. Amb l&#8217;enviament de les seves dades de car\u00e0cter personal a trav\u00e9s del nostre formulari en la web vost\u00e8 dona fe de l&#8217;exactitud i actualitzaci\u00f3 d&#8217;aquests, que ha estat informat de manera comprensible, precisa i inequ\u00edvoca de l&#8217;\u00fas i tractament que s&#8217;apliquessin a les seves dades, dels drets que li assisteixen i que dona el seu consentiment expr\u00e9s perqu\u00e8 FERRETERIA I PREMSES, S.A. els pugui utilitzar exclusivament per al fi concret del servei contractat.<\/p>\n<\/div><\/section><\/p><\/div>\n","protected":false},"excerpt":{"rendered":"","protected":false},"author":4,"featured_media":0,"parent":0,"menu_order":0,"comment_status":"closed","ping_status":"open","template":"","meta":{"om_disable_all_campaigns":false,"_monsterinsights_skip_tracking":false,"_monsterinsights_sitenote_active":false,"_monsterinsights_sitenote_note":"","_monsterinsights_sitenote_category":0,"_uf_show_specific_survey":0,"_uf_disable_surveys":false,"footnotes":""},"class_list":["post-7686","page","type-page","status-publish","hentry"],"aioseo_notices":[],"_links":{"self":[{"href":"https:\/\/www.fepre.com\/ca\/wp-json\/wp\/v2\/pages\/7686","targetHints":{"allow":["GET"]}}],"collection":[{"href":"https:\/\/www.fepre.com\/ca\/wp-json\/wp\/v2\/pages"}],"about":[{"href":"https:\/\/www.fepre.com\/ca\/wp-json\/wp\/v2\/types\/page"}],"author":[{"embeddable":true,"href":"https:\/\/www.fepre.com\/ca\/wp-json\/wp\/v2\/users\/4"}],"replies":[{"embeddable":true,"href":"https:\/\/www.fepre.com\/ca\/wp-json\/wp\/v2\/comments?post=7686"}],"version-history":[{"count":0,"href":"https:\/\/www.fepre.com\/ca\/wp-json\/wp\/v2\/pages\/7686\/revisions"}],"wp:attachment":[{"href":"https:\/\/www.fepre.com\/ca\/wp-json\/wp\/v2\/media?parent=7686"}],"curies":[{"name":"wp","href":"https:\/\/api.w.org\/{rel}","templated":true}]}}