{"id":7637,"date":"2021-05-26T11:30:26","date_gmt":"2021-05-26T11:30:26","guid":{"rendered":"https:\/\/www.fepre.com\/politica-de-cookies-2\/"},"modified":"2022-03-03T17:41:43","modified_gmt":"2022-03-03T17:41:43","slug":"politica-de-cookies-2","status":"publish","type":"page","link":"https:\/\/www.fepre.com\/ca\/politica-de-cookies-2\/","title":{"rendered":"Pol\u00edtica de cookies"},"content":{"rendered":"<div class=\"flex_column av_one_full  flex_column_div av-zero-column-padding first  avia-builder-el-0  avia-builder-el-no-sibling  \" style='border-radius:0px; '><p><div  style='padding-bottom:10px; ' class='av-special-heading av-special-heading-h1  blockquote modern-quote  avia-builder-el-1  el_before_av_textblock  avia-builder-el-first  '><h1 class='av-special-heading-tag '  itemprop=\"headline\"  >Pol\u00edtica de cookies<\/h1><div class='special-heading-border'><div class='special-heading-inner-border' ><\/div><\/div><\/div><br \/>\n<section class=\"av_textblock_section \"  itemscope=\"itemscope\" itemtype=\"https:\/\/schema.org\/CreativeWork\" ><div class='avia_textblock  '   itemprop=\"text\" ><p>Utilitzem cookies per oferir als nostres visitants una manera m\u00e9s c\u00f2moda i eficient a l&#8217;hora de navegar per la nostra web. En utilitzar la nostra web accepta, configura o rebutja la nostra Pol\u00edtica de Cookies<\/p>\n<p>En cas de no voler rebre cookies, si us plau configureu el navegador d&#8217;Internet perqu\u00e8 les esborri del disc dur de l&#8217;ordinador, les bloquegi o avisi en cas d&#8217;instal\u00b7laci\u00f3 de les mateixes. Per continuar sense canvis en la configuraci\u00f3 de les galetes, seguiu les instruccions a la p\u00e0gina web.<\/p>\n<p>A continuaci\u00f3 trobareu informaci\u00f3 sobre qu\u00e8 s\u00f3n les \u201ccookies\u201d, quin tipus de cookies existeixen, com podeu desactivar les cookies al vostre navegador, com desactivar espec\u00edficament la instal\u00b7laci\u00f3 de cookies de tercers.<\/p>\n<p><strong>Qu\u00e8 s\u00f3n les cookies?<\/strong><\/p>\n<p>Les cookies s\u00f3n petits arxius que algunes plataformes, com les p\u00e0gines web, poden instal\u00b7lar al vostre ordinador, smartphone, tauleta o televisi\u00f3 connectada. Les seves funcions poden ser molt variades: emmagatzemar les prefer\u00e8ncies de navegaci\u00f3, recopilar informaci\u00f3 estad\u00edstica, permetre certes funcionalitats t\u00e8cniques\u2026 De vegades, les cookies s&#8217;utilitzen per emmagatzemar informaci\u00f3 b\u00e0sica sobre els h\u00e0bits de navegaci\u00f3 de l&#8217;usuari o del seu equip, fins al punt, segons casos, de poder recon\u00e8ixer-ho.<\/p>\n<p><strong>Per qu\u00e8 s\u00f3n importants?<\/strong><\/p>\n<p>Les cookies s\u00f3n \u00fatils per diversos motius. Des d&#8217;un punt de vista t\u00e8cnic, permeten que les p\u00e0gines web funcionin de forma m\u00e9s \u00e0gil i adaptada a les vostres prefer\u00e8ncies, com ara emmagatzemar el vostre idioma o la moneda del vostre pa\u00eds. A m\u00e9s, ajuden els responsables dels llocs web a millorar els serveis que ofereixen, gr\u00e0cies a la informaci\u00f3 estad\u00edstica que recullen a trav\u00e9s seu. Finalment, serveixen per fer m\u00e9s eficient la publicitat que us mostrem, gr\u00e0cies a la qual us podem oferir serveis de forma gratu\u00efta.<\/p>\n<p><strong>Diferents tipus de Cookies<\/strong><\/p>\n<ul>\n<li><strong>Cookies de millora del rendiment.<\/strong> Aquest tipus de cookies conserva les seves prefer\u00e8ncies per a certes eines o serveis perqu\u00e8 no els hagi de reconfigurar cada vegada que visita el nostre portal i, en alguns casos, poden ser aportades per tercers. Alguns exemples s\u00f3n: volum dels reproductors audiovisuals, prefer\u00e8ncies dordenaci\u00f3 darticles o velocitats de reproducci\u00f3 de v\u00eddeo compatibles. En el cas de comer\u00e7 electr\u00f2nic, permeten mantenir informaci\u00f3 sobre la cistella de la compra.<\/li>\n<li><strong>Cookies d&#8217;an\u00e0lisi estad\u00edstica.<\/strong> S\u00f3n aquelles que, b\u00e9 tractades per nosaltres o per tercers, permeten quantificar el nombre de visitants i analitzar estad\u00edsticament la utilitzaci\u00f3 que fan els usuaris dels nostres serveis. Gr\u00e0cies a aix\u00f2 podem estudiar la navegaci\u00f3 per la nostra p\u00e0gina web i millorar aix\u00ed l&#8217;oferta de productes o serveis que oferim.<\/li>\n<li><strong>Galetes de geolocalitzaci\u00f3.<\/strong> Aquestes cookies s\u00f3n utilitzades per programes que intenten localitzar geogr\u00e0ficament la situaci\u00f3 de l&#8217;ordinador, smartphone, tauleta o televisi\u00f3 connectada, per tal d&#8217;oferir de manera totalment an\u00f2nima continguts i serveis m\u00e9s adequats.<\/li>\n<li><strong>Cookies de registre.<\/strong> Quan vost\u00e8 es registra al nostre portal, es generen cookies que us identifiquen com a usuari registrat i indiquen quan vost\u00e8 s&#8217;ha identificat al portal. Aquestes cookies s\u00f3n utilitzades per identificar el vostre compte d&#8217;usuari i els seus serveis associats. Aquestes galetes es mantenen mentre no abandoneu el compte, tanqueu el navegador o apagueu el dispositiu. Aquestes cookies poden ser utilitzades en combinaci\u00f3 amb dades anal\u00edtiques per identificar de manera individual les seves prefer\u00e8ncies al nostre portal.<\/li>\n<li><strong>Cookies publicit\u00e0ries.<\/strong> S\u00f3n les que, ben tractades per nosaltres o per tercers, permeten gestionar efica\u00e7ment els espais publicitaris del nostre lloc web, adequant el contingut de l&#8217;anunci al contingut del servei sol\u00b7licitat oa l&#8217;\u00fas que realitzi de la nostra p\u00e0gina web. Gr\u00e0cies a ella podem con\u00e8ixer els seus h\u00e0bits de navegaci\u00f3 a internet i mostrar publicitat relacionada amb el seu perfil de navegaci\u00f3.<\/li>\n<li><strong>Altres cookies de tercers.<\/strong> En algunes de les nostres p\u00e0gines es poden instal\u00b7lar cookies de tercers que permetin gestionar i millorar els serveis que aquests ofereixen. Un exemple d&#8217;aquest \u00fas s\u00f3n els enlla\u00e7os a les xarxes socials que permeten compartir els nostres continguts.<\/li>\n<\/ul>\n<p><strong>Com puc configurar les meves prefer\u00e8ncies i desactivar les galetes?<\/strong><\/p>\n<p>Podeu permetre, bloquejar o eliminar les galetes instal\u00b7lades al vostre equip mitjan\u00e7ant la configuraci\u00f3 de les opcions del vostre navegador d&#8217;internet. En cas que les bloquegi, \u00e9s possible que certs serveis que necessiten el seu \u00fas no estiguin disponibles per a vost\u00e8. A continuaci\u00f3 us oferim enlla\u00e7os on trobareu informaci\u00f3 sobre com podeu activar les vostres prefer\u00e8ncies als principals navegadors:<\/p>\n<p>Internet Explorer: Herramientas -&gt; Opciones de Internet -&gt; Privacidad -&gt; Configuraci\u00f3n. Per a m\u00e9s informaci\u00f3, podeu consultar el suport de Microsoft o l&#8217;Ajuda del navegador.<\/p>\n<p>Firefox: Herramientas -&gt; Opciones -&gt; Privacidad -&gt; Historial -&gt; Configuraci\u00f3n Personalizada. Per a m\u00e9s informaci\u00f3, podeu consultar el suport de Mozilla o l&#8217;Ajuda del navegador.<\/p>\n<p>Chrome: Configuraci\u00f3n -&gt; Mostrar opciones avanzadas -&gt; Privacidad -&gt; Configuraci\u00f3n de contenido. Per a m\u00e9s informaci\u00f3, podeu consultar el suport de Google o l&#8217;Ajuda del navegador.<\/p>\n<p>Safari: Preferencias -&gt; Seguridad. Per a m\u00e9s informaci\u00f3, podeu consultar el suport d&#8217;Apple o l&#8217;Ajuda del navegador.<\/p>\n<p><strong>Qu\u00e8 passa si es deshabiliten les cookies:<\/strong><\/p>\n<p>Algunes funcionalitats dels Serveis quedaran deshabilitades com, per exemple, romandre identificat, mantenir les compres al \u201ccarret de la compra\u201d en un Servei d&#8217;e-commerce, rebre informaci\u00f3 adre\u00e7ada a la seva localitzaci\u00f3 o la visualitzaci\u00f3 d&#8217;alguns v\u00eddeos.<\/p>\n<\/div><\/section><\/p><\/div>\n","protected":false},"excerpt":{"rendered":"","protected":false},"author":4,"featured_media":0,"parent":0,"menu_order":0,"comment_status":"closed","ping_status":"closed","template":"","meta":{"om_disable_all_campaigns":false,"_monsterinsights_skip_tracking":false,"_monsterinsights_sitenote_active":false,"_monsterinsights_sitenote_note":"","_monsterinsights_sitenote_category":0,"_uf_show_specific_survey":0,"_uf_disable_surveys":false,"footnotes":""},"class_list":["post-7637","page","type-page","status-publish","hentry"],"aioseo_notices":[],"_links":{"self":[{"href":"https:\/\/www.fepre.com\/ca\/wp-json\/wp\/v2\/pages\/7637","targetHints":{"allow":["GET"]}}],"collection":[{"href":"https:\/\/www.fepre.com\/ca\/wp-json\/wp\/v2\/pages"}],"about":[{"href":"https:\/\/www.fepre.com\/ca\/wp-json\/wp\/v2\/types\/page"}],"author":[{"embeddable":true,"href":"https:\/\/www.fepre.com\/ca\/wp-json\/wp\/v2\/users\/4"}],"replies":[{"embeddable":true,"href":"https:\/\/www.fepre.com\/ca\/wp-json\/wp\/v2\/comments?post=7637"}],"version-history":[{"count":0,"href":"https:\/\/www.fepre.com\/ca\/wp-json\/wp\/v2\/pages\/7637\/revisions"}],"wp:attachment":[{"href":"https:\/\/www.fepre.com\/ca\/wp-json\/wp\/v2\/media?parent=7637"}],"curies":[{"name":"wp","href":"https:\/\/api.w.org\/{rel}","templated":true}]}}